{"id":93,"date":"2025-07-07T12:39:34","date_gmt":"2025-07-07T12:39:34","guid":{"rendered":"https:\/\/bepemefe.tw\/?page_id=93"},"modified":"2025-07-11T14:23:52","modified_gmt":"2025-07-11T14:23:52","slug":"%e3%84%90-g-gi","status":"publish","type":"page","link":"https:\/\/bepemefe.tw\/?page_id=93","title":{"rendered":"\u3110 j [gi]"},"content":{"rendered":"\n<div class=\"wp-block-columns is-layout-flex wp-container-core-columns-is-layout-28f84493 wp-block-columns-is-layout-flex\">\n<div class=\"wp-block-column is-layout-flow wp-block-column-is-layout-flow\">\n<figure class=\"wp-block-image size-large\"><img loading=\"lazy\" decoding=\"async\" width=\"1024\" height=\"1024\" src=\"https:\/\/bepemefe.tw\/wp-content\/uploads\/2025\/07\/bepemefe-012-1024x1024.jpg\" alt=\"\" class=\"wp-image-97\" srcset=\"https:\/\/bepemefe.tw\/wp-content\/uploads\/2025\/07\/bepemefe-012-1024x1024.jpg 1024w, https:\/\/bepemefe.tw\/wp-content\/uploads\/2025\/07\/bepemefe-012-300x300.jpg 300w, https:\/\/bepemefe.tw\/wp-content\/uploads\/2025\/07\/bepemefe-012-150x150.jpg 150w, https:\/\/bepemefe.tw\/wp-content\/uploads\/2025\/07\/bepemefe-012-768x767.jpg 768w, https:\/\/bepemefe.tw\/wp-content\/uploads\/2025\/07\/bepemefe-012-600x599.jpg 600w, https:\/\/bepemefe.tw\/wp-content\/uploads\/2025\/07\/bepemefe-012-100x100.jpg 100w, https:\/\/bepemefe.tw\/wp-content\/uploads\/2025\/07\/bepemefe-012.jpg 1183w\" sizes=\"auto, (max-width: 1024px) 100vw, 1024px\" \/><\/figure>\n<\/div>\n\n\n\n<div class=\"wp-block-column is-layout-flow wp-block-column-is-layout-flow\">\n<div style=\"height:34px\" aria-hidden=\"true\" class=\"wp-block-spacer\"><\/div>\n\n\n\n<ul class=\"wp-block-list\">\n<li>\u6a5f \u3110\u3127 \u5668\u4eba<\/li>\n\n\n\n<li>un Robot<\/li>\n\n\n\n<li>[j\u012b ch\u00ec r\u00e9n]<\/li>\n\n\n\n<li>ki-kh\u00ec-l\u00e2ng<\/li>\n<\/ul>\n<\/div>\n<\/div>\n\n\n\n<p><\/p>\n","protected":false},"excerpt":{"rendered":"","protected":false},"author":1,"featured_media":0,"parent":0,"menu_order":0,"comment_status":"closed","ping_status":"closed","template":"","meta":{"_vp_format_video_url":"","_vp_image_focal_point":[],"footnotes":""},"class_list":["post-93","page","type-page","status-publish","hentry"],"_links":{"self":[{"href":"https:\/\/bepemefe.tw\/index.php?rest_route=\/wp\/v2\/pages\/93","targetHints":{"allow":["GET"]}}],"collection":[{"href":"https:\/\/bepemefe.tw\/index.php?rest_route=\/wp\/v2\/pages"}],"about":[{"href":"https:\/\/bepemefe.tw\/index.php?rest_route=\/wp\/v2\/types\/page"}],"author":[{"embeddable":true,"href":"https:\/\/bepemefe.tw\/index.php?rest_route=\/wp\/v2\/users\/1"}],"replies":[{"embeddable":true,"href":"https:\/\/bepemefe.tw\/index.php?rest_route=%2Fwp%2Fv2%2Fcomments&post=93"}],"version-history":[{"count":7,"href":"https:\/\/bepemefe.tw\/index.php?rest_route=\/wp\/v2\/pages\/93\/revisions"}],"predecessor-version":[{"id":336,"href":"https:\/\/bepemefe.tw\/index.php?rest_route=\/wp\/v2\/pages\/93\/revisions\/336"}],"wp:attachment":[{"href":"https:\/\/bepemefe.tw\/index.php?rest_route=%2Fwp%2Fv2%2Fmedia&parent=93"}],"curies":[{"name":"wp","href":"https:\/\/api.w.org\/{rel}","templated":true}]}}