{"id":80,"date":"2025-05-18T19:20:04","date_gmt":"2025-05-18T19:20:04","guid":{"rendered":"https:\/\/bepemefe.tw\/?page_id=80"},"modified":"2025-07-28T10:17:33","modified_gmt":"2025-07-28T10:17:33","slug":"%e3%84%85%e3%84%86%e3%84%87%e3%84%88%e3%84%89%e3%84%8a%e3%84%8b%e3%84%8c%e3%84%8d%e3%84%8e%e3%84%8f%e3%84%90%e3%84%91%e3%84%92%e3%84%93%e3%84%94%e3%84%95%e3%84%96%e3%84%97%e3%84%98%e3%84%99%e3%84%9a","status":"publish","type":"page","link":"https:\/\/bepemefe.tw\/?page_id=80","title":{"rendered":"\u3105\u3106\u3107\u3108\u3109\u310a\u310b\u310c\u310d\u310e\u310f\u3110\u3111\u3112\u3113\u3114\u3115\u3116\u3117\u3118\u3119\u3127\u3128\u3129\u311a\u311b\u311c\u311d\u311e\u311f\u3120\u3121\u3122\u3123\u3124\u3125\u3126                       \u02ca\u02c7\u02cb\u02d9"},"content":{"rendered":"\n<ul class=\"wp-block-list\">\n<li><em>bo<\/em>\u00a0 (\u3105) pour la consonne\u00a0<em>b<\/em>\u00a0\/p\/\u00a0;<\/li>\n\n\n\n<li><em>po<\/em> \u00a0(\u3106) pour la consonne\u00a0<em>p<\/em>\u00a0\/p<sup>h<\/sup>\/\u00a0;<\/li>\n\n\n\n<li><em>mo<\/em>&nbsp;(\u3107) pour la consonne&nbsp;<em>m<\/em>&nbsp;\/m\/&nbsp;;<\/li>\n\n\n\n<li><em>fo<\/em>\u00a0  (\u3108) pour la consonne\u00a0<em>f<\/em>\u00a0\/f\/.<\/li>\n<\/ul>\n\n\n\n<blockquote class=\"wp-block-quote is-style-plain is-layout-flow wp-block-quote-is-layout-flow\">\n<p class=\"has-text-align-left\">Le BePeMeFe constitue les quatre premiers caract\u00e8res d\u2019alphabet ta\u00efwanais. <\/p>\n\n\n\n<p class=\"has-text-align-left\">C\u2019est un syst\u00e8me de prononciation qui aide les enfants \u00e0 lire et \u00e0 \u00e9crire les mots quand nous commen\u00e7ons \u00e0 les conna\u00eetre.   Par exemple, quand on \u00e9crit un mot qui a beaucoup de traits dans l\u2019\u00e9criture, ce n\u2019est pas \u00e9vident pour un.e enfant qui vient de commencer d\u2019apprendre la langue.                                            Du coup nous \u00e9crivons ces caract\u00e8res phon\u00e9tiques avant la connaissance de l\u2019\u00e9criture de mots. <\/p>\n\n\n\n<p class=\"has-text-align-left\">Pour prononcer un mot, il peut avoir de un \u00e0 trois caract\u00e8res compos\u00e9s plus un accent.\u00a0<\/p>\n<\/blockquote>\n\n\n\n<figure class=\"wp-block-image size-full\"><img loading=\"lazy\" decoding=\"async\" width=\"1024\" height=\"260\" src=\"https:\/\/bepemefe.tw\/wp-content\/uploads\/2025\/07\/bepemefe-site-zouing-modif-1.jpg\" alt=\"\" class=\"wp-image-359\" srcset=\"https:\/\/bepemefe.tw\/wp-content\/uploads\/2025\/07\/bepemefe-site-zouing-modif-1.jpg 1024w, https:\/\/bepemefe.tw\/wp-content\/uploads\/2025\/07\/bepemefe-site-zouing-modif-1-300x76.jpg 300w, https:\/\/bepemefe.tw\/wp-content\/uploads\/2025\/07\/bepemefe-site-zouing-modif-1-768x195.jpg 768w, https:\/\/bepemefe.tw\/wp-content\/uploads\/2025\/07\/bepemefe-site-zouing-modif-1-600x152.jpg 600w\" sizes=\"auto, (max-width: 1024px) 100vw, 1024px\" \/><\/figure>\n\n\n\n<p class=\"has-text-align-center\">Le bepemefe (\u3105\u3106\u3107\u3108) ou zhuyin fuhao est un alphabet de        37 caract\u00e8res et 5 accents cr\u00e9\u00e9 pour \u00eatre utilis\u00e9                           dans la transcription du mandarin                                                            \u00e0 des fins p\u00e9dagogiques et didactiques.<\/p>\n\n\n\n<p class=\"has-text-align-center\"><br>Au XXle si\u00e8cle, \u00e0 Ta\u00efwan il est, avec le cangjie et le dayi              l\u2019une des trois m\u00e9thodesles plus utilis\u00e9es pour<br>la saisie de l\u2019\u00e9criture sur les claviers ta\u00efwanais.<\/p>\n","protected":false},"excerpt":{"rendered":"<p>Le BePeMeFe constitue les quatre premiers caract\u00e8res d\u2019alphabet ta\u00efwanais. C\u2019est un syst\u00e8me de prononciation qui aide les enfants \u00e0 lire et \u00e0 \u00e9crire les mots quand nous commen\u00e7ons \u00e0 les conna\u00eetre. Par exemple, quand on \u00e9crit un mot qui a beaucoup de traits dans l\u2019\u00e9criture, ce n\u2019est pas \u00e9vident pour un.e enfant qui vient de [&hellip;]<\/p>\n","protected":false},"author":1,"featured_media":0,"parent":0,"menu_order":0,"comment_status":"closed","ping_status":"closed","template":"","meta":{"_vp_format_video_url":"","_vp_image_focal_point":[],"footnotes":""},"class_list":["post-80","page","type-page","status-publish","hentry"],"_links":{"self":[{"href":"https:\/\/bepemefe.tw\/index.php?rest_route=\/wp\/v2\/pages\/80","targetHints":{"allow":["GET"]}}],"collection":[{"href":"https:\/\/bepemefe.tw\/index.php?rest_route=\/wp\/v2\/pages"}],"about":[{"href":"https:\/\/bepemefe.tw\/index.php?rest_route=\/wp\/v2\/types\/page"}],"author":[{"embeddable":true,"href":"https:\/\/bepemefe.tw\/index.php?rest_route=\/wp\/v2\/users\/1"}],"replies":[{"embeddable":true,"href":"https:\/\/bepemefe.tw\/index.php?rest_route=%2Fwp%2Fv2%2Fcomments&post=80"}],"version-history":[{"count":6,"href":"https:\/\/bepemefe.tw\/index.php?rest_route=\/wp\/v2\/pages\/80\/revisions"}],"predecessor-version":[{"id":363,"href":"https:\/\/bepemefe.tw\/index.php?rest_route=\/wp\/v2\/pages\/80\/revisions\/363"}],"wp:attachment":[{"href":"https:\/\/bepemefe.tw\/index.php?rest_route=%2Fwp%2Fv2%2Fmedia&parent=80"}],"curies":[{"name":"wp","href":"https:\/\/api.w.org\/{rel}","templated":true}]}}