{"id":364,"date":"2025-07-28T10:31:21","date_gmt":"2025-07-28T10:31:21","guid":{"rendered":"https:\/\/bepemefe.tw\/?page_id=364"},"modified":"2025-07-28T10:31:21","modified_gmt":"2025-07-28T10:31:21","slug":"%e9%98%bf%e7%88%be%e6%b3%95%e8%b2%9d-bepemefe","status":"publish","type":"page","link":"https:\/\/bepemefe.tw\/?page_id=364","title":{"rendered":"\u963f\u723e\u6cd5\u8c9d BePeMeFe"},"content":{"rendered":"\n<p>L\u2019Hi\u00e9roglyphes avait le but d\u2019enregistrer l\u2019agriculture et la vie via ces dessins des anciens chinois.<br>Avec le temps, il a \u00e9volu\u00e9 en langue.<br>Le Alphabet BePeMeFe est une cr\u00e9ation de MixiX dans l\u2019intention de transformer l\u2019\u00e9criture d\u2019alphabet ta\u00efwanais en dessin             afin de jouer sur la m\u00e9moire embl\u00e9matique. En y ajoutant de l\u2019esprit pour dessiner ces cr\u00e9atures.<\/p>\n","protected":false},"excerpt":{"rendered":"<p>L\u2019Hi\u00e9roglyphes avait le but d\u2019enregistrer l\u2019agriculture et la vie via ces dessins des anciens chinois.Avec le temps, il a \u00e9volu\u00e9 en langue.Le Alphabet BePeMeFe est une cr\u00e9ation de MixiX dans l\u2019intention de transformer l\u2019\u00e9criture d\u2019alphabet ta\u00efwanais en dessin afin de jouer sur la m\u00e9moire embl\u00e9matique. En y ajoutant de l\u2019esprit pour dessiner ces cr\u00e9atures.<\/p>\n","protected":false},"author":1,"featured_media":0,"parent":0,"menu_order":0,"comment_status":"closed","ping_status":"closed","template":"","meta":{"_vp_format_video_url":"","_vp_image_focal_point":[],"footnotes":""},"class_list":["post-364","page","type-page","status-publish","hentry"],"_links":{"self":[{"href":"https:\/\/bepemefe.tw\/index.php?rest_route=\/wp\/v2\/pages\/364","targetHints":{"allow":["GET"]}}],"collection":[{"href":"https:\/\/bepemefe.tw\/index.php?rest_route=\/wp\/v2\/pages"}],"about":[{"href":"https:\/\/bepemefe.tw\/index.php?rest_route=\/wp\/v2\/types\/page"}],"author":[{"embeddable":true,"href":"https:\/\/bepemefe.tw\/index.php?rest_route=\/wp\/v2\/users\/1"}],"replies":[{"embeddable":true,"href":"https:\/\/bepemefe.tw\/index.php?rest_route=%2Fwp%2Fv2%2Fcomments&post=364"}],"version-history":[{"count":1,"href":"https:\/\/bepemefe.tw\/index.php?rest_route=\/wp\/v2\/pages\/364\/revisions"}],"predecessor-version":[{"id":365,"href":"https:\/\/bepemefe.tw\/index.php?rest_route=\/wp\/v2\/pages\/364\/revisions\/365"}],"wp:attachment":[{"href":"https:\/\/bepemefe.tw\/index.php?rest_route=%2Fwp%2Fv2%2Fmedia&parent=364"}],"curies":[{"name":"wp","href":"https:\/\/api.w.org\/{rel}","templated":true}]}}