{"id":320,"date":"2025-07-11T14:06:19","date_gmt":"2025-07-11T14:06:19","guid":{"rendered":"https:\/\/bepemefe.tw\/?page_id=320"},"modified":"2025-07-11T14:07:11","modified_gmt":"2025-07-11T14:07:11","slug":"%e3%84%8f-h-heu","status":"publish","type":"page","link":"https:\/\/bepemefe.tw\/?page_id=320","title":{"rendered":"\u310f h [heu]"},"content":{"rendered":"\n<div class=\"wp-block-columns is-layout-flex wp-container-core-columns-is-layout-28f84493 wp-block-columns-is-layout-flex\">\n<div class=\"wp-block-column is-layout-flow wp-block-column-is-layout-flow\">\n<figure class=\"wp-block-image size-large\"><img loading=\"lazy\" decoding=\"async\" width=\"1024\" height=\"1024\" src=\"https:\/\/bepemefe.tw\/wp-content\/uploads\/2025\/07\/bepemefe-011-1024x1024.jpg\" alt=\"\" class=\"wp-image-323\" srcset=\"https:\/\/bepemefe.tw\/wp-content\/uploads\/2025\/07\/bepemefe-011-1024x1024.jpg 1024w, https:\/\/bepemefe.tw\/wp-content\/uploads\/2025\/07\/bepemefe-011-300x300.jpg 300w, https:\/\/bepemefe.tw\/wp-content\/uploads\/2025\/07\/bepemefe-011-150x150.jpg 150w, https:\/\/bepemefe.tw\/wp-content\/uploads\/2025\/07\/bepemefe-011-768x767.jpg 768w, https:\/\/bepemefe.tw\/wp-content\/uploads\/2025\/07\/bepemefe-011-600x599.jpg 600w, https:\/\/bepemefe.tw\/wp-content\/uploads\/2025\/07\/bepemefe-011-100x100.jpg 100w, https:\/\/bepemefe.tw\/wp-content\/uploads\/2025\/07\/bepemefe-011.jpg 1183w\" sizes=\"auto, (max-width: 1024px) 100vw, 1024px\" \/><\/figure>\n<\/div>\n\n\n\n<div class=\"wp-block-column is-layout-flow wp-block-column-is-layout-flow\">\n<div style=\"height:34px\" aria-hidden=\"true\" class=\"wp-block-spacer\"><\/div>\n\n\n\n<ul class=\"wp-block-list\">\n<li>\u81fa\u7063\u9ed1 \u310f\u311f\u00a0 \u718a<\/li>\n\n\n\n<li>Ours noir de Taiwan<\/li>\n\n\n\n<li>[t\u00e1i w\u0101n h\u0113i shi\u00fang]<\/li>\n\n\n\n<li>T\u00e2i-u\u00e2n oo-h\u00eem<\/li>\n<\/ul>\n<\/div>\n<\/div>\n","protected":false},"excerpt":{"rendered":"","protected":false},"author":1,"featured_media":0,"parent":0,"menu_order":0,"comment_status":"closed","ping_status":"closed","template":"","meta":{"_vp_format_video_url":"","_vp_image_focal_point":[],"footnotes":""},"class_list":["post-320","page","type-page","status-publish","hentry"],"_links":{"self":[{"href":"https:\/\/bepemefe.tw\/index.php?rest_route=\/wp\/v2\/pages\/320","targetHints":{"allow":["GET"]}}],"collection":[{"href":"https:\/\/bepemefe.tw\/index.php?rest_route=\/wp\/v2\/pages"}],"about":[{"href":"https:\/\/bepemefe.tw\/index.php?rest_route=\/wp\/v2\/types\/page"}],"author":[{"embeddable":true,"href":"https:\/\/bepemefe.tw\/index.php?rest_route=\/wp\/v2\/users\/1"}],"replies":[{"embeddable":true,"href":"https:\/\/bepemefe.tw\/index.php?rest_route=%2Fwp%2Fv2%2Fcomments&post=320"}],"version-history":[{"count":2,"href":"https:\/\/bepemefe.tw\/index.php?rest_route=\/wp\/v2\/pages\/320\/revisions"}],"predecessor-version":[{"id":325,"href":"https:\/\/bepemefe.tw\/index.php?rest_route=\/wp\/v2\/pages\/320\/revisions\/325"}],"wp:attachment":[{"href":"https:\/\/bepemefe.tw\/index.php?rest_route=%2Fwp%2Fv2%2Fmedia&parent=320"}],"curies":[{"name":"wp","href":"https:\/\/api.w.org\/{rel}","templated":true}]}}