{"id":267,"date":"2025-07-11T13:38:05","date_gmt":"2025-07-11T13:38:05","guid":{"rendered":"https:\/\/bepemefe.tw\/?page_id=267"},"modified":"2025-07-11T14:11:14","modified_gmt":"2025-07-11T14:11:14","slug":"%e3%84%86-p-pe","status":"publish","type":"page","link":"https:\/\/bepemefe.tw\/?page_id=267","title":{"rendered":"\u3106 p [pe]"},"content":{"rendered":"\n<div class=\"wp-block-columns is-layout-flex wp-container-core-columns-is-layout-28f84493 wp-block-columns-is-layout-flex\">\n<div class=\"wp-block-column is-layout-flow wp-block-column-is-layout-flow\">\n<figure class=\"wp-block-image size-large\"><img loading=\"lazy\" decoding=\"async\" width=\"1024\" height=\"1024\" src=\"https:\/\/bepemefe.tw\/wp-content\/uploads\/2025\/07\/bepemefe-002-1024x1024.jpg\" alt=\"\" class=\"wp-image-270\" srcset=\"https:\/\/bepemefe.tw\/wp-content\/uploads\/2025\/07\/bepemefe-002-1024x1024.jpg 1024w, https:\/\/bepemefe.tw\/wp-content\/uploads\/2025\/07\/bepemefe-002-300x300.jpg 300w, https:\/\/bepemefe.tw\/wp-content\/uploads\/2025\/07\/bepemefe-002-150x150.jpg 150w, https:\/\/bepemefe.tw\/wp-content\/uploads\/2025\/07\/bepemefe-002-768x767.jpg 768w, https:\/\/bepemefe.tw\/wp-content\/uploads\/2025\/07\/bepemefe-002-600x599.jpg 600w, https:\/\/bepemefe.tw\/wp-content\/uploads\/2025\/07\/bepemefe-002-100x100.jpg 100w, https:\/\/bepemefe.tw\/wp-content\/uploads\/2025\/07\/bepemefe-002.jpg 1183w\" sizes=\"auto, (max-width: 1024px) 100vw, 1024px\" \/><\/figure>\n<\/div>\n\n\n\n<div class=\"wp-block-column is-layout-flow wp-block-column-is-layout-flow\">\n<div style=\"height:34px\" aria-hidden=\"true\" class=\"wp-block-spacer\"><\/div>\n\n\n\n<ul class=\"wp-block-list\">\n<li>\u6ce1 \u3106\u3120\u02cb \u6ce1\u5148\u751f<\/li>\n\n\n\n<li>Barbapapa<\/li>\n\n\n\n<li>[p\u00e0u p\u00e0u shi\u0101n sh\u0113ng]<\/li>\n\n\n\n<li>pho-pho\u00a0sian-sinn<\/li>\n<\/ul>\n<\/div>\n<\/div>\n","protected":false},"excerpt":{"rendered":"","protected":false},"author":1,"featured_media":0,"parent":0,"menu_order":0,"comment_status":"closed","ping_status":"closed","template":"","meta":{"_vp_format_video_url":"","_vp_image_focal_point":[],"footnotes":""},"class_list":["post-267","page","type-page","status-publish","hentry"],"_links":{"self":[{"href":"https:\/\/bepemefe.tw\/index.php?rest_route=\/wp\/v2\/pages\/267","targetHints":{"allow":["GET"]}}],"collection":[{"href":"https:\/\/bepemefe.tw\/index.php?rest_route=\/wp\/v2\/pages"}],"about":[{"href":"https:\/\/bepemefe.tw\/index.php?rest_route=\/wp\/v2\/types\/page"}],"author":[{"embeddable":true,"href":"https:\/\/bepemefe.tw\/index.php?rest_route=\/wp\/v2\/users\/1"}],"replies":[{"embeddable":true,"href":"https:\/\/bepemefe.tw\/index.php?rest_route=%2Fwp%2Fv2%2Fcomments&post=267"}],"version-history":[{"count":3,"href":"https:\/\/bepemefe.tw\/index.php?rest_route=\/wp\/v2\/pages\/267\/revisions"}],"predecessor-version":[{"id":326,"href":"https:\/\/bepemefe.tw\/index.php?rest_route=\/wp\/v2\/pages\/267\/revisions\/326"}],"wp:attachment":[{"href":"https:\/\/bepemefe.tw\/index.php?rest_route=%2Fwp%2Fv2%2Fmedia&parent=267"}],"curies":[{"name":"wp","href":"https:\/\/api.w.org\/{rel}","templated":true}]}}