{"id":154,"date":"2025-07-07T13:34:16","date_gmt":"2025-07-07T13:34:16","guid":{"rendered":"https:\/\/bepemefe.tw\/?page_id=154"},"modified":"2025-07-11T14:52:17","modified_gmt":"2025-07-11T14:52:17","slug":"%e3%84%98-tss-tss","status":"publish","type":"page","link":"https:\/\/bepemefe.tw\/?page_id=154","title":{"rendered":"\u3118 tss [tss]"},"content":{"rendered":"\n<div class=\"wp-block-columns is-layout-flex wp-container-core-columns-is-layout-28f84493 wp-block-columns-is-layout-flex\">\n<div class=\"wp-block-column is-layout-flow wp-block-column-is-layout-flow\">\n<figure class=\"wp-block-image size-large\"><img loading=\"lazy\" decoding=\"async\" width=\"1024\" height=\"1024\" src=\"https:\/\/bepemefe.tw\/wp-content\/uploads\/2025\/07\/bepemefe-020-1024x1024.jpg\" alt=\"\" class=\"wp-image-157\" srcset=\"https:\/\/bepemefe.tw\/wp-content\/uploads\/2025\/07\/bepemefe-020-1024x1024.jpg 1024w, https:\/\/bepemefe.tw\/wp-content\/uploads\/2025\/07\/bepemefe-020-300x300.jpg 300w, https:\/\/bepemefe.tw\/wp-content\/uploads\/2025\/07\/bepemefe-020-150x150.jpg 150w, https:\/\/bepemefe.tw\/wp-content\/uploads\/2025\/07\/bepemefe-020-768x767.jpg 768w, https:\/\/bepemefe.tw\/wp-content\/uploads\/2025\/07\/bepemefe-020-600x599.jpg 600w, https:\/\/bepemefe.tw\/wp-content\/uploads\/2025\/07\/bepemefe-020-100x100.jpg 100w, https:\/\/bepemefe.tw\/wp-content\/uploads\/2025\/07\/bepemefe-020.jpg 1183w\" sizes=\"auto, (max-width: 1024px) 100vw, 1024px\" \/><\/figure>\n<\/div>\n\n\n\n<div class=\"wp-block-column is-layout-flow wp-block-column-is-layout-flow\">\n<div style=\"height:34px\" aria-hidden=\"true\" class=\"wp-block-spacer\"><\/div>\n\n\n\n<ul class=\"wp-block-list\">\n<li>\u8525\u3118\u3128\u3125\u9eb5\u5305<\/li>\n\n\n\n<li>Spring Onion Bread<\/li>\n\n\n\n<li>[ts\u016bng mi\u00e0n b\u0101u]<\/li>\n\n\n\n<li>tssun \u00e0 pun&#8230;<\/li>\n<\/ul>\n<\/div>\n<\/div>\n","protected":false},"excerpt":{"rendered":"","protected":false},"author":1,"featured_media":0,"parent":0,"menu_order":0,"comment_status":"closed","ping_status":"closed","template":"","meta":{"_vp_format_video_url":"","_vp_image_focal_point":[],"footnotes":""},"class_list":["post-154","page","type-page","status-publish","hentry"],"_links":{"self":[{"href":"https:\/\/bepemefe.tw\/index.php?rest_route=\/wp\/v2\/pages\/154","targetHints":{"allow":["GET"]}}],"collection":[{"href":"https:\/\/bepemefe.tw\/index.php?rest_route=\/wp\/v2\/pages"}],"about":[{"href":"https:\/\/bepemefe.tw\/index.php?rest_route=\/wp\/v2\/types\/page"}],"author":[{"embeddable":true,"href":"https:\/\/bepemefe.tw\/index.php?rest_route=\/wp\/v2\/users\/1"}],"replies":[{"embeddable":true,"href":"https:\/\/bepemefe.tw\/index.php?rest_route=%2Fwp%2Fv2%2Fcomments&post=154"}],"version-history":[{"count":3,"href":"https:\/\/bepemefe.tw\/index.php?rest_route=\/wp\/v2\/pages\/154\/revisions"}],"predecessor-version":[{"id":348,"href":"https:\/\/bepemefe.tw\/index.php?rest_route=\/wp\/v2\/pages\/154\/revisions\/348"}],"wp:attachment":[{"href":"https:\/\/bepemefe.tw\/index.php?rest_route=%2Fwp%2Fv2%2Fmedia&parent=154"}],"curies":[{"name":"wp","href":"https:\/\/api.w.org\/{rel}","templated":true}]}}