{"id":101,"date":"2025-07-07T12:54:30","date_gmt":"2025-07-07T12:54:30","guid":{"rendered":"https:\/\/bepemefe.tw\/?page_id=101"},"modified":"2025-07-11T14:29:15","modified_gmt":"2025-07-11T14:29:15","slug":"%e3%84%91-ch-chi","status":"publish","type":"page","link":"https:\/\/bepemefe.tw\/?page_id=101","title":{"rendered":"\u3111 ch [chi]"},"content":{"rendered":"\n<div class=\"wp-block-columns is-layout-flex wp-container-core-columns-is-layout-28f84493 wp-block-columns-is-layout-flex\">\n<div class=\"wp-block-column is-layout-flow wp-block-column-is-layout-flow\">\n<figure class=\"wp-block-image size-large\"><img loading=\"lazy\" decoding=\"async\" width=\"1024\" height=\"1024\" src=\"https:\/\/bepemefe.tw\/wp-content\/uploads\/2025\/07\/bepemefe-013-1024x1024.jpg\" alt=\"\" class=\"wp-image-104\" srcset=\"https:\/\/bepemefe.tw\/wp-content\/uploads\/2025\/07\/bepemefe-013-1024x1024.jpg 1024w, https:\/\/bepemefe.tw\/wp-content\/uploads\/2025\/07\/bepemefe-013-300x300.jpg 300w, https:\/\/bepemefe.tw\/wp-content\/uploads\/2025\/07\/bepemefe-013-150x150.jpg 150w, https:\/\/bepemefe.tw\/wp-content\/uploads\/2025\/07\/bepemefe-013-768x767.jpg 768w, https:\/\/bepemefe.tw\/wp-content\/uploads\/2025\/07\/bepemefe-013-600x599.jpg 600w, https:\/\/bepemefe.tw\/wp-content\/uploads\/2025\/07\/bepemefe-013-100x100.jpg 100w, https:\/\/bepemefe.tw\/wp-content\/uploads\/2025\/07\/bepemefe-013.jpg 1183w\" sizes=\"auto, (max-width: 1024px) 100vw, 1024px\" \/><\/figure>\n<\/div>\n\n\n\n<div class=\"wp-block-column is-layout-flow wp-block-column-is-layout-flow\">\n<div style=\"height:34px\" aria-hidden=\"true\" class=\"wp-block-spacer\"><\/div>\n\n\n\n<ul class=\"wp-block-list\">\n<li>\u76ea\u97a6 \u3111\u3127\u3121  \u97c6 \u3111\u3127\u3122<\/li>\n\n\n\n<li>Faire de la balan\u00e7oire<\/li>\n\n\n\n<li>[d\u00e0ng chi\u014du chi\u0101n]<\/li>\n\n\n\n<li>h\u00e0inn-tshian-tshiu<\/li>\n<\/ul>\n<\/div>\n<\/div>\n\n\n\n<p><\/p>\n","protected":false},"excerpt":{"rendered":"","protected":false},"author":1,"featured_media":0,"parent":0,"menu_order":0,"comment_status":"closed","ping_status":"closed","template":"","meta":{"_vp_format_video_url":"","_vp_image_focal_point":[],"footnotes":""},"class_list":["post-101","page","type-page","status-publish","hentry"],"_links":{"self":[{"href":"https:\/\/bepemefe.tw\/index.php?rest_route=\/wp\/v2\/pages\/101","targetHints":{"allow":["GET"]}}],"collection":[{"href":"https:\/\/bepemefe.tw\/index.php?rest_route=\/wp\/v2\/pages"}],"about":[{"href":"https:\/\/bepemefe.tw\/index.php?rest_route=\/wp\/v2\/types\/page"}],"author":[{"embeddable":true,"href":"https:\/\/bepemefe.tw\/index.php?rest_route=\/wp\/v2\/users\/1"}],"replies":[{"embeddable":true,"href":"https:\/\/bepemefe.tw\/index.php?rest_route=%2Fwp%2Fv2%2Fcomments&post=101"}],"version-history":[{"count":6,"href":"https:\/\/bepemefe.tw\/index.php?rest_route=\/wp\/v2\/pages\/101\/revisions"}],"predecessor-version":[{"id":338,"href":"https:\/\/bepemefe.tw\/index.php?rest_route=\/wp\/v2\/pages\/101\/revisions\/338"}],"wp:attachment":[{"href":"https:\/\/bepemefe.tw\/index.php?rest_route=%2Fwp%2Fv2%2Fmedia&parent=101"}],"curies":[{"name":"wp","href":"https:\/\/api.w.org\/{rel}","templated":true}]}}